{"id":15511,"date":"2025-11-10T10:23:23","date_gmt":"2025-11-10T10:23:23","guid":{"rendered":"http:\/\/insistnova.in-sist.si\/why-choose-us\/"},"modified":"2025-12-10T07:23:13","modified_gmt":"2025-12-10T07:23:13","slug":"why-choose-us","status":"publish","type":"page","link":"https:\/\/insistnova.in-sist.si\/en\/why-choose-us\/","title":{"rendered":"Why choose us"},"content":{"rendered":"\t\t<div data-elementor-type=\"wp-page\" data-elementor-id=\"15511\" class=\"elementor elementor-15511 elementor-13869\" data-elementor-post-type=\"page\">\n\t\t\t\t<div class=\"elementor-element elementor-element-2537b43d e-con-full e-flex e-con e-child\" data-id=\"2537b43d\" data-element_type=\"container\">\n\t\t\t\t<div class=\"elementor-element elementor-element-224fc9d5 navigation-breadcrumbs-custom split-breadcrumbs-y elementor-widget elementor-widget-global elementor-global-15262 elementor-global-13719 elementor-widget-the7-breadcrumb\" data-id=\"224fc9d5\" data-element_type=\"widget\" data-widget_type=\"the7-breadcrumb.default\">\n\t\t\t\t<div class=\"elementor-widget-container\">\n\t\t\t\t\t<div class=\"assistive-text\">You are here:<\/div><ol class=\"breadcrumbs text-small rcrumbs\" itemscope itemtype=\"https:\/\/schema.org\/BreadcrumbList\"><li itemprop=\"itemListElement\" itemscope itemtype=\"https:\/\/schema.org\/ListItem\"><a itemprop=\"item\" href=\"https:\/\/insistnova.in-sist.si\/en\/\" title=\"Home\"><span itemprop=\"name\">Home<\/span><\/a><meta itemprop=\"position\" content=\"1\" \/><\/li><li class=\"current\" itemprop=\"itemListElement\" itemscope itemtype=\"https:\/\/schema.org\/ListItem\"><span itemprop=\"name\">Page<\/span><meta itemprop=\"position\" content=\"2\" \/><\/li><\/ol>\t\t\t\t<\/div>\n\t\t\t\t<\/div>\n\t\t\t\t<div class=\"elementor-element elementor-element-11b6dbae elementor-widget elementor-widget-slider_revolution\" data-id=\"11b6dbae\" data-element_type=\"widget\" data-widget_type=\"slider_revolution.default\">\n\t\t\t\t<div class=\"elementor-widget-container\">\n\t\t\t\t\t\n\t\t<div class=\"wp-block-themepunch-revslider\">\n\t\t\t\t<p class=\"rs-p-wp-fix\"><\/p>\n\t\t\t\t<sr7-module data-alias=\"why-choose-us\" data-id=\"77\" id=\"SR7_77_1\" class=\"rs-ov-hidden\" data-version=\"6.7.37\">\n\t\t\t\t\t<sr7-adjuster><\/sr7-adjuster>\n\t\t\t\t\t<sr7-content>\n\t\t\t\t\t\t<sr7-slide id=\"SR7_77_1-204\" data-key=\"204\">\n\t\t\t\t\t\t\t<sr7-txt id=\"SR7_77_1-204-2\" class=\"sr7-layer\">Why choose us?<\/sr7-txt>\n\t\t\t\t\t\t<\/sr7-slide>\n\t\t\t\t\t\t<sr7-slide id=\"SR7_77_1-168\" data-key=\"168\">\n\t\t\t\t\t\t<\/sr7-slide>\n\t\t\t\t\t<\/sr7-content>\n\t\t\t\t\t<image_lists style=\"display:none\">\n\t\t\t\t\t\t<img data-src=\"\/\/insistnova.in-sist.si\/wp-content\/uploads\/2025\/09\/Slider-3.jpg\" data-libid=\"13566\" data-lib=\"medialibrary\" title=\"Slider 3\" width=\"0\" height=\"0\" data-dbsrc=\"Ly9pbnNpc3Rub3ZhLmluLXNpc3Quc2kvd3AtY29udGVudC91cGxvYWRzLzIwMjUvMDkvU2xpZGVyLTMuanBn\"\/>\n\t\t\t\t\t<\/image_lists>\n\t\t\t\t<\/sr7-module>\n\t\t\t\t<script>\n\t\t\t\t\tSR7.PMH ??={}; SR7.PMH[\"SR7_77_1\"] = {cn:100,state:false,fn: function() { if (_tpt!==undefined && _tpt.prepareModuleHeight !== undefined) {  _tpt.prepareModuleHeight({id:\"SR7_77_1\",el:[400,400,410,960,193],type:'hero',shdw:'0',gh:[400,400,410,313,193],gw:[1240,1240,1024,778,480],vpt:['-100px&#039;,&#039;-100px&#039;,&#039;-100px&#039;,&#039;-100px&#039;,&#039;-100px'],size:{fullWidth:true, fullHeight:false},mh:'0',onh:0,onw:0,bg:{color:'{\"orig\":\"transparent\",\"type\":\"solid\",\"string\":\"transparent\"}'}});   SR7.PMH[\"SR7_77_1\"].state=true;} else if(SR7.PMH[\"SR7_77_1\"].cn-->0)\tsetTimeout( SR7.PMH[\"SR7_77_1\"].fn,19);}};SR7.PMH[\"SR7_77_1\" ].fn();\n\t\t\t\t<\/script>\n<\/div>\n\n\t\t\t\t\t\t<\/div>\n\t\t\t\t<\/div>\n\t\t\t\t<\/div>\n\t\t<div class=\"elementor-element elementor-element-41667d44 main-container e-flex e-con-boxed e-con e-parent\" data-id=\"41667d44\" data-element_type=\"container\">\n\t\t\t\t\t<div class=\"e-con-inner\">\n\t\t<div class=\"elementor-element elementor-element-11c8aae7 e-con-full div-bellow-hero e-flex e-con e-child\" data-id=\"11c8aae7\" data-element_type=\"container\" data-settings=\"{&quot;background_background&quot;:&quot;classic&quot;}\">\n\t\t<div class=\"elementor-element elementor-element-30846ae5 e-con-fit text-bellow-hero e-flex e-con e-child\" data-id=\"30846ae5\" data-element_type=\"container\">\n\t\t\t\t<div class=\"elementor-element elementor-element-2dcc18a9 elementor-widget elementor-widget-heading\" data-id=\"2dcc18a9\" data-element_type=\"widget\" data-widget_type=\"heading.default\">\n\t\t\t\t<div class=\"elementor-widget-container\">\n\t\t\t\t\t<h1 class=\"elementor-heading-title elementor-size-default\">Why choose us<\/h1>\t\t\t\t<\/div>\n\t\t\t\t<\/div>\n\t\t\t\t<div class=\"elementor-element elementor-element-4f3da9a3 elementor-widget elementor-widget-text-editor\" data-id=\"4f3da9a3\" data-element_type=\"widget\" data-widget_type=\"text-editor.default\">\n\t\t\t\t<div class=\"elementor-widget-container\">\n\t\t\t\t\t\t\t\t\t<p>With more than 18 years of experience in Pantheon ERP, WMS digitalization and business applications, we are one of the most experienced providers on the Slovenian market.<br data-start=\"3993\" data-end=\"3996\">We understand everything from industrial processes to the requirements of distribution companies and the key challenges of modern business.<\/p>\t\t\t\t\t\t\t\t<\/div>\n\t\t\t\t<\/div>\n\t\t\t\t<\/div>\n\t\t<div class=\"elementor-element elementor-element-7f9289a8 e-con-fit e-flex e-con e-child\" data-id=\"7f9289a8\" data-element_type=\"container\">\n\t\t\t\t<div class=\"elementor-element elementor-element-180edd7 elementor-widget__width-initial elementor-widget elementor-widget-image\" data-id=\"180edd7\" data-element_type=\"widget\" data-widget_type=\"image.default\">\n\t\t\t\t<div class=\"elementor-widget-container\">\n\t\t\t\t\t\t\t\t\t\t\t\t\t\t\t<img fetchpriority=\"high\" decoding=\"async\" width=\"768\" height=\"576\" src=\"https:\/\/insistnova.in-sist.si\/wp-content\/uploads\/2025\/11\/WMS-768x576.jpg\" class=\"attachment-medium_large size-medium_large wp-image-15444\" alt=\"\" srcset=\"https:\/\/insistnova.in-sist.si\/wp-content\/uploads\/2025\/11\/WMS-768x576.jpg 768w, https:\/\/insistnova.in-sist.si\/wp-content\/uploads\/2025\/11\/WMS-300x225.jpg 300w, https:\/\/insistnova.in-sist.si\/wp-content\/uploads\/2025\/11\/WMS-1024x768.jpg 1024w, https:\/\/insistnova.in-sist.si\/wp-content\/uploads\/2025\/11\/WMS-1536x1152.jpg 1536w, https:\/\/insistnova.in-sist.si\/wp-content\/uploads\/2025\/11\/WMS-2048x1536.jpg 2048w, https:\/\/insistnova.in-sist.si\/wp-content\/uploads\/2025\/11\/WMS-900x675.jpg 900w, https:\/\/insistnova.in-sist.si\/wp-content\/uploads\/2025\/11\/WMS-1200x900.jpg 1200w\" sizes=\"(max-width: 768px) 100vw, 768px\" \/>\t\t\t\t\t\t\t\t\t\t\t\t\t\t\t<\/div>\n\t\t\t\t<\/div>\n\t\t\t\t<\/div>\n\t\t\t\t<\/div>\n\t\t\t\t<div class=\"elementor-element elementor-element-e7e569f elementor-widget elementor-widget-heading\" data-id=\"e7e569f\" data-element_type=\"widget\" data-widget_type=\"heading.default\">\n\t\t\t\t<div class=\"elementor-widget-container\">\n\t\t\t\t\t<h2 class=\"elementor-heading-title elementor-size-default\">Deep knowledge of the industries<\/h2>\t\t\t\t<\/div>\n\t\t\t\t<\/div>\n\t\t\t\t<div class=\"elementor-element elementor-element-421efe6 elementor-widget elementor-widget-text-editor\" data-id=\"421efe6\" data-element_type=\"widget\" data-widget_type=\"text-editor.default\">\n\t\t\t\t<div class=\"elementor-widget-container\">\n\t\t\t\t\t\t\t\t\t<p data-start=\"5071\" data-end=\"5115\">Over the years, we have become specialists in:<\/p><ul data-start=\"5117\" data-end=\"5245\"><li data-start=\"5117\" data-end=\"5142\"><p data-start=\"5119\" data-end=\"5142\">the plastics industry,<\/p><\/li><li data-start=\"5143\" data-end=\"5180\"><p data-start=\"5145\" data-end=\"5180\">metal processing industry,<\/p><\/li><li data-start=\"5181\" data-end=\"5210\"><p data-start=\"5183\" data-end=\"5210\">trade and distribution,<\/p><\/li><li data-start=\"5211\" data-end=\"5245\"><p data-start=\"5213\" data-end=\"5245\">network and security services<\/p><\/li><\/ul><p data-start=\"5247\" data-end=\"5350\">This means understanding the laws, specificities and practical challenges of companies operating in these sectors.<\/p>\t\t\t\t\t\t\t\t<\/div>\n\t\t\t\t<\/div>\n\t\t\t\t\t<\/div>\n\t\t\t\t<\/div>\n\t\t<div class=\"elementor-element elementor-element-217c7a61 e-con-full e-flex e-con e-parent\" data-id=\"217c7a61\" data-element_type=\"container\">\n\t\t<div class=\"elementor-element elementor-element-6f75beca e-con-full e-flex e-con e-child\" data-id=\"6f75beca\" data-element_type=\"container\" data-settings=\"{&quot;background_background&quot;:&quot;classic&quot;}\">\n\t\t<div class=\"elementor-element elementor-element-78a90173 e-con-full e-flex e-con e-child\" data-id=\"78a90173\" data-element_type=\"container\">\n\t\t\t\t<div class=\"elementor-element elementor-element-44a98a28 elementor-widget elementor-widget-heading\" data-id=\"44a98a28\" data-element_type=\"widget\" data-widget_type=\"heading.default\">\n\t\t\t\t<div class=\"elementor-widget-container\">\n\t\t\t\t\t<h2 class=\"elementor-heading-title elementor-size-default\">Why with us?<\/h2>\t\t\t\t<\/div>\n\t\t\t\t<\/div>\n\t\t\t\t<div class=\"elementor-element elementor-element-27d86974 elementor-widget elementor-widget-text-editor\" data-id=\"27d86974\" data-element_type=\"widget\" data-widget_type=\"text-editor.default\">\n\t\t\t\t<div class=\"elementor-widget-container\">\n\t\t\t\t\t\t\t\t\t<p>Smo certificiran partner z bogatimi izku\u0161njami na podro\u010dju ERP uvedb in digitalizacije poslovanja. Razumemo tehnolo\u0161ke in \u010dlove\u0161ke izzive pri uvedbi tak\u0161nega sistema, zato zagotovimo strokovno voden projekt, ki se osredoto\u010da na kon\u010dnega uporabnika in dolgoro\u010dno vrednost. <\/p><p>Whether you&#8217;re a micro-business or a manufacturing company with complex processes &#8211; with Pantheon ERP, you get a tool that grows with you.<\/p>\t\t\t\t\t\t\t\t<\/div>\n\t\t\t\t<\/div>\n\t\t\t\t<div class=\"elementor-element elementor-element-5aecd838 elementor-widget elementor-widget-button\" data-id=\"5aecd838\" data-element_type=\"widget\" data-widget_type=\"button.default\">\n\t\t\t\t<div class=\"elementor-widget-container\">\n\t\t\t\t\t\t\t\t\t<div class=\"elementor-button-wrapper\">\n\t\t\t\t\t<a class=\"elementor-button elementor-button-link elementor-size-sm\" href=\"#\">\n\t\t\t\t\t\t<span class=\"elementor-button-content-wrapper\">\n\t\t\t\t\t\t\t\t\t<span class=\"elementor-button-text\">More about us<\/span>\n\t\t\t\t\t<\/span>\n\t\t\t\t\t<\/a>\n\t\t\t\t<\/div>\n\t\t\t\t\t\t\t\t<\/div>\n\t\t\t\t<\/div>\n\t\t\t\t<\/div>\n\t\t\t\t<\/div>\n\t\t<div class=\"elementor-element elementor-element-2ad2bbcb e-con-full e-flex e-con e-child\" data-id=\"2ad2bbcb\" data-element_type=\"container\" data-settings=\"{&quot;background_background&quot;:&quot;classic&quot;}\">\n\t\t<div class=\"elementor-element elementor-element-3c9775da e-con-full e-flex e-con e-child\" data-id=\"3c9775da\" data-element_type=\"container\">\n\t\t\t\t<div class=\"elementor-element elementor-element-7a9c91a2 elementor-widget elementor-widget-heading\" data-id=\"7a9c91a2\" data-element_type=\"widget\" data-widget_type=\"heading.default\">\n\t\t\t\t<div class=\"elementor-widget-container\">\n\t\t\t\t\t<h2 class=\"elementor-heading-title elementor-size-default\">Want to know more or schedule a consultation?<\/h2>\t\t\t\t<\/div>\n\t\t\t\t<\/div>\n\t\t\t\t<div class=\"elementor-element elementor-element-3b00d5d8 elementor-widget elementor-widget-text-editor\" data-id=\"3b00d5d8\" data-element_type=\"widget\" data-widget_type=\"text-editor.default\">\n\t\t\t\t<div class=\"elementor-widget-container\">\n\t\t\t\t\t\t\t\t\t<p>Contact us and we will be happy to make you a presentation or a concrete offer.<\/p>\t\t\t\t\t\t\t\t<\/div>\n\t\t\t\t<\/div>\n\t\t\t\t<\/div>\n\t\t\t\t<\/div>\n\t\t\t\t<\/div>\n\t\t<div class=\"elementor-element elementor-element-10c728ce main-container e-flex e-con-boxed e-con e-parent\" data-id=\"10c728ce\" data-element_type=\"container\">\n\t\t\t\t\t<div class=\"e-con-inner\">\n\t\t<div class=\"elementor-element elementor-element-17c04f0e e-con-full e-flex e-con e-child\" data-id=\"17c04f0e\" data-element_type=\"container\">\n\t\t\t\t<div class=\"elementor-element elementor-element-42c83665 elementor-widget elementor-widget-heading\" data-id=\"42c83665\" data-element_type=\"widget\" data-widget_type=\"heading.default\">\n\t\t\t\t<div class=\"elementor-widget-container\">\n\t\t\t\t\t<h2 class=\"elementor-heading-title elementor-size-default\">Zaupajo nam<\/h2>\t\t\t\t<\/div>\n\t\t\t\t<\/div>\n\t\t\t\t<\/div>\n\t\t<div class=\"elementor-element elementor-element-2da3c59b e-con-full e-flex e-con e-child\" data-id=\"2da3c59b\" data-element_type=\"container\">\n\t\t<div class=\"elementor-element elementor-element-32c0c5ea e-grid e-con-full trust-us e-con e-child\" data-id=\"32c0c5ea\" data-element_type=\"container\">\n\t\t\t\t<div class=\"elementor-element elementor-element-27715992 elementor-widget elementor-widget-image\" data-id=\"27715992\" data-element_type=\"widget\" data-widget_type=\"image.default\">\n\t\t\t\t<div class=\"elementor-widget-container\">\n\t\t\t\t\t\t\t\t\t\t\t\t\t\t\t<img decoding=\"async\" width=\"119\" height=\"35\" src=\"https:\/\/insistnova.in-sist.si\/wp-content\/uploads\/2025\/11\/petpak-black-1_gray.svg\" class=\"attachment-large size-large wp-image-16107\" alt=\"\" \/>\t\t\t\t\t\t\t\t\t\t\t\t\t\t\t<\/div>\n\t\t\t\t<\/div>\n\t\t\t\t<div class=\"elementor-element elementor-element-48f0a19b elementor-widget elementor-widget-image\" data-id=\"48f0a19b\" data-element_type=\"widget\" data-widget_type=\"image.default\">\n\t\t\t\t<div class=\"elementor-widget-container\">\n\t\t\t\t\t\t\t\t\t\t\t\t\t\t\t<img loading=\"lazy\" decoding=\"async\" width=\"240\" height=\"91\" src=\"https:\/\/insistnova.in-sist.si\/wp-content\/uploads\/2025\/11\/skisea.png\" class=\"attachment-large size-large wp-image-16106\" alt=\"\" \/>\t\t\t\t\t\t\t\t\t\t\t\t\t\t\t<\/div>\n\t\t\t\t<\/div>\n\t\t\t\t<div class=\"elementor-element elementor-element-223a9365 elementor-widget elementor-widget-image\" data-id=\"223a9365\" data-element_type=\"widget\" data-widget_type=\"image.default\">\n\t\t\t\t<div class=\"elementor-widget-container\">\n\t\t\t\t\t\t\t\t\t\t\t\t\t\t\t<img loading=\"lazy\" decoding=\"async\" width=\"300\" height=\"100\" src=\"https:\/\/insistnova.in-sist.si\/wp-content\/uploads\/2025\/11\/logo-rogaska.png\" class=\"attachment-large size-large wp-image-16103\" alt=\"\" \/>\t\t\t\t\t\t\t\t\t\t\t\t\t\t\t<\/div>\n\t\t\t\t<\/div>\n\t\t\t\t<div class=\"elementor-element elementor-element-7be227fc elementor-widget elementor-widget-image\" data-id=\"7be227fc\" data-element_type=\"widget\" data-widget_type=\"image.default\">\n\t\t\t\t<div class=\"elementor-widget-container\">\n\t\t\t\t\t\t\t\t\t\t\t\t\t\t\t<img loading=\"lazy\" decoding=\"async\" width=\"200\" height=\"65\" src=\"https:\/\/insistnova.in-sist.si\/wp-content\/uploads\/2025\/11\/preline-e1756895215330.jpg\" class=\"attachment-full size-full wp-image-16105\" alt=\"\" \/>\t\t\t\t\t\t\t\t\t\t\t\t\t\t\t<\/div>\n\t\t\t\t<\/div>\n\t\t\t\t<div class=\"elementor-element elementor-element-11a44674 elementor-widget elementor-widget-image\" data-id=\"11a44674\" data-element_type=\"widget\" data-widget_type=\"image.default\">\n\t\t\t\t<div class=\"elementor-widget-container\">\n\t\t\t\t\t\t\t\t\t\t\t\t\t\t\t<img loading=\"lazy\" decoding=\"async\" width=\"1181\" height=\"113\" src=\"https:\/\/insistnova.in-sist.si\/wp-content\/uploads\/2025\/11\/Metal-product-logo.jpg\" class=\"attachment-full size-full wp-image-16104\" alt=\"\" srcset=\"https:\/\/insistnova.in-sist.si\/wp-content\/uploads\/2025\/11\/Metal-product-logo.jpg 1181w, https:\/\/insistnova.in-sist.si\/wp-content\/uploads\/2025\/11\/Metal-product-logo-300x29.jpg 300w, https:\/\/insistnova.in-sist.si\/wp-content\/uploads\/2025\/11\/Metal-product-logo-1024x98.jpg 1024w, https:\/\/insistnova.in-sist.si\/wp-content\/uploads\/2025\/11\/Metal-product-logo-768x73.jpg 768w, https:\/\/insistnova.in-sist.si\/wp-content\/uploads\/2025\/11\/Metal-product-logo-900x86.jpg 900w\" sizes=\"(max-width: 1181px) 100vw, 1181px\" \/>\t\t\t\t\t\t\t\t\t\t\t\t\t\t\t<\/div>\n\t\t\t\t<\/div>\n\t\t\t\t<\/div>\n\t\t\t\t<\/div>\n\t\t\t\t\t<\/div>\n\t\t\t\t<\/div>\n\t\t\t\t<\/div>\n\t\t","protected":false},"excerpt":{"rendered":"<p>Tukaj ste: Domov Stran Why choose us With more than 18 years of experience in Pantheon ERP, WMS digitalization and business applications, we are one of the most experienced providers on the Slovenian market.We understand everything from industrial processes to the requirements of distribution companies and the key challenges of modern business. Deep knowledge of&hellip;<\/p>\n","protected":false},"author":1,"featured_media":0,"parent":0,"menu_order":0,"comment_status":"closed","ping_status":"closed","template":"elementor_header_footer","meta":{"_acf_changed":false,"give_campaign_id":0,"footnotes":""},"class_list":["post-15511","page","type-page","status-publish","hentry"],"acf":[],"yoast_head":"<!-- This site is optimized with the Yoast SEO plugin v25.9 - https:\/\/yoast.com\/wordpress\/plugins\/seo\/ -->\n<title>Why choose us - In.Sist<\/title>\n<meta name=\"robots\" content=\"index, follow, max-snippet:-1, max-image-preview:large, max-video-preview:-1\" \/>\n<link rel=\"canonical\" href=\"https:\/\/insistnova.in-sist.si\/en\/why-choose-us\/\" \/>\n<meta property=\"og:locale\" content=\"en_US\" \/>\n<meta property=\"og:type\" content=\"article\" \/>\n<meta property=\"og:title\" content=\"Why choose us - In.Sist\" \/>\n<meta property=\"og:description\" content=\"Tukaj ste: Domov Stran Why choose us With more than 18 years of experience in Pantheon ERP, WMS digitalization and business applications, we are one of the most experienced providers on the Slovenian market.We understand everything from industrial processes to the requirements of distribution companies and the key challenges of modern business. Deep knowledge of&hellip;\" \/>\n<meta property=\"og:url\" content=\"https:\/\/insistnova.in-sist.si\/en\/why-choose-us\/\" \/>\n<meta property=\"og:site_name\" content=\"In.Sist\" \/>\n<meta property=\"article:modified_time\" content=\"2025-12-10T07:23:13+00:00\" \/>\n<meta property=\"og:image\" content=\"http:\/\/insistnova.in-sist.si\/wp-content\/uploads\/2025\/11\/WMS-768x576.jpg\" \/>\n<meta name=\"twitter:card\" content=\"summary_large_image\" \/>\n<meta name=\"twitter:label1\" content=\"Est. reading time\" \/>\n\t<meta name=\"twitter:data1\" content=\"1 minute\" \/>\n<script type=\"application\/ld+json\" class=\"yoast-schema-graph\">{\"@context\":\"https:\/\/schema.org\",\"@graph\":[{\"@type\":\"WebPage\",\"@id\":\"https:\/\/insistnova.in-sist.si\/en\/why-choose-us\/\",\"url\":\"https:\/\/insistnova.in-sist.si\/en\/why-choose-us\/\",\"name\":\"Why choose us - In.Sist\",\"isPartOf\":{\"@id\":\"https:\/\/insistnova.in-sist.si\/en\/#website\"},\"primaryImageOfPage\":{\"@id\":\"https:\/\/insistnova.in-sist.si\/en\/why-choose-us\/#primaryimage\"},\"image\":{\"@id\":\"https:\/\/insistnova.in-sist.si\/en\/why-choose-us\/#primaryimage\"},\"thumbnailUrl\":\"http:\/\/insistnova.in-sist.si\/wp-content\/uploads\/2025\/11\/WMS-768x576.jpg\",\"datePublished\":\"2025-11-10T10:23:23+00:00\",\"dateModified\":\"2025-12-10T07:23:13+00:00\",\"breadcrumb\":{\"@id\":\"https:\/\/insistnova.in-sist.si\/en\/why-choose-us\/#breadcrumb\"},\"inLanguage\":\"en-US\",\"potentialAction\":[{\"@type\":\"ReadAction\",\"target\":[\"https:\/\/insistnova.in-sist.si\/en\/why-choose-us\/\"]}]},{\"@type\":\"ImageObject\",\"inLanguage\":\"en-US\",\"@id\":\"https:\/\/insistnova.in-sist.si\/en\/why-choose-us\/#primaryimage\",\"url\":\"http:\/\/insistnova.in-sist.si\/wp-content\/uploads\/2025\/11\/WMS-768x576.jpg\",\"contentUrl\":\"http:\/\/insistnova.in-sist.si\/wp-content\/uploads\/2025\/11\/WMS-768x576.jpg\"},{\"@type\":\"BreadcrumbList\",\"@id\":\"https:\/\/insistnova.in-sist.si\/en\/why-choose-us\/#breadcrumb\",\"itemListElement\":[{\"@type\":\"ListItem\",\"position\":1,\"name\":\"Home\",\"item\":\"http:\/\/insistnova.in-sist.si\/en\/\"},{\"@type\":\"ListItem\",\"position\":2,\"name\":\"Why choose us\"}]},{\"@type\":\"WebSite\",\"@id\":\"https:\/\/insistnova.in-sist.si\/en\/#website\",\"url\":\"https:\/\/insistnova.in-sist.si\/en\/\",\"name\":\"In.Sist\",\"description\":\"\",\"publisher\":{\"@id\":\"https:\/\/insistnova.in-sist.si\/en\/#organization\"},\"potentialAction\":[{\"@type\":\"SearchAction\",\"target\":{\"@type\":\"EntryPoint\",\"urlTemplate\":\"https:\/\/insistnova.in-sist.si\/en\/?s={search_term_string}\"},\"query-input\":{\"@type\":\"PropertyValueSpecification\",\"valueRequired\":true,\"valueName\":\"search_term_string\"}}],\"inLanguage\":\"en-US\"},{\"@type\":\"Organization\",\"@id\":\"https:\/\/insistnova.in-sist.si\/en\/#organization\",\"name\":\"In.Sist\",\"url\":\"https:\/\/insistnova.in-sist.si\/en\/\",\"logo\":{\"@type\":\"ImageObject\",\"inLanguage\":\"en-US\",\"@id\":\"https:\/\/insistnova.in-sist.si\/en\/#\/schema\/logo\/image\/\",\"url\":\"https:\/\/insistnova.in-sist.si\/wp-content\/uploads\/2025\/04\/smallerinsistia.png\",\"contentUrl\":\"https:\/\/insistnova.in-sist.si\/wp-content\/uploads\/2025\/04\/smallerinsistia.png\",\"width\":350,\"height\":100,\"caption\":\"In.Sist\"},\"image\":{\"@id\":\"https:\/\/insistnova.in-sist.si\/en\/#\/schema\/logo\/image\/\"}}]}<\/script>\n<!-- \/ Yoast SEO plugin. -->","yoast_head_json":{"title":"Why choose us - In.Sist","robots":{"index":"index","follow":"follow","max-snippet":"max-snippet:-1","max-image-preview":"max-image-preview:large","max-video-preview":"max-video-preview:-1"},"canonical":"https:\/\/insistnova.in-sist.si\/en\/why-choose-us\/","og_locale":"en_US","og_type":"article","og_title":"Why choose us - In.Sist","og_description":"Tukaj ste: Domov Stran Why choose us With more than 18 years of experience in Pantheon ERP, WMS digitalization and business applications, we are one of the most experienced providers on the Slovenian market.We understand everything from industrial processes to the requirements of distribution companies and the key challenges of modern business. Deep knowledge of&hellip;","og_url":"https:\/\/insistnova.in-sist.si\/en\/why-choose-us\/","og_site_name":"In.Sist","article_modified_time":"2025-12-10T07:23:13+00:00","og_image":[{"url":"http:\/\/insistnova.in-sist.si\/wp-content\/uploads\/2025\/11\/WMS-768x576.jpg","type":"","width":"","height":""}],"twitter_card":"summary_large_image","twitter_misc":{"Est. reading time":"1 minute"},"schema":{"@context":"https:\/\/schema.org","@graph":[{"@type":"WebPage","@id":"https:\/\/insistnova.in-sist.si\/en\/why-choose-us\/","url":"https:\/\/insistnova.in-sist.si\/en\/why-choose-us\/","name":"Why choose us - In.Sist","isPartOf":{"@id":"https:\/\/insistnova.in-sist.si\/en\/#website"},"primaryImageOfPage":{"@id":"https:\/\/insistnova.in-sist.si\/en\/why-choose-us\/#primaryimage"},"image":{"@id":"https:\/\/insistnova.in-sist.si\/en\/why-choose-us\/#primaryimage"},"thumbnailUrl":"http:\/\/insistnova.in-sist.si\/wp-content\/uploads\/2025\/11\/WMS-768x576.jpg","datePublished":"2025-11-10T10:23:23+00:00","dateModified":"2025-12-10T07:23:13+00:00","breadcrumb":{"@id":"https:\/\/insistnova.in-sist.si\/en\/why-choose-us\/#breadcrumb"},"inLanguage":"en-US","potentialAction":[{"@type":"ReadAction","target":["https:\/\/insistnova.in-sist.si\/en\/why-choose-us\/"]}]},{"@type":"ImageObject","inLanguage":"en-US","@id":"https:\/\/insistnova.in-sist.si\/en\/why-choose-us\/#primaryimage","url":"http:\/\/insistnova.in-sist.si\/wp-content\/uploads\/2025\/11\/WMS-768x576.jpg","contentUrl":"http:\/\/insistnova.in-sist.si\/wp-content\/uploads\/2025\/11\/WMS-768x576.jpg"},{"@type":"BreadcrumbList","@id":"https:\/\/insistnova.in-sist.si\/en\/why-choose-us\/#breadcrumb","itemListElement":[{"@type":"ListItem","position":1,"name":"Home","item":"http:\/\/insistnova.in-sist.si\/en\/"},{"@type":"ListItem","position":2,"name":"Why choose us"}]},{"@type":"WebSite","@id":"https:\/\/insistnova.in-sist.si\/en\/#website","url":"https:\/\/insistnova.in-sist.si\/en\/","name":"In.Sist","description":"","publisher":{"@id":"https:\/\/insistnova.in-sist.si\/en\/#organization"},"potentialAction":[{"@type":"SearchAction","target":{"@type":"EntryPoint","urlTemplate":"https:\/\/insistnova.in-sist.si\/en\/?s={search_term_string}"},"query-input":{"@type":"PropertyValueSpecification","valueRequired":true,"valueName":"search_term_string"}}],"inLanguage":"en-US"},{"@type":"Organization","@id":"https:\/\/insistnova.in-sist.si\/en\/#organization","name":"In.Sist","url":"https:\/\/insistnova.in-sist.si\/en\/","logo":{"@type":"ImageObject","inLanguage":"en-US","@id":"https:\/\/insistnova.in-sist.si\/en\/#\/schema\/logo\/image\/","url":"https:\/\/insistnova.in-sist.si\/wp-content\/uploads\/2025\/04\/smallerinsistia.png","contentUrl":"https:\/\/insistnova.in-sist.si\/wp-content\/uploads\/2025\/04\/smallerinsistia.png","width":350,"height":100,"caption":"In.Sist"},"image":{"@id":"https:\/\/insistnova.in-sist.si\/en\/#\/schema\/logo\/image\/"}}]}},"campaignId":"","_links":{"self":[{"href":"https:\/\/insistnova.in-sist.si\/en\/wp-json\/wp\/v2\/pages\/15511","targetHints":{"allow":["GET"]}}],"collection":[{"href":"https:\/\/insistnova.in-sist.si\/en\/wp-json\/wp\/v2\/pages"}],"about":[{"href":"https:\/\/insistnova.in-sist.si\/en\/wp-json\/wp\/v2\/types\/page"}],"author":[{"embeddable":true,"href":"https:\/\/insistnova.in-sist.si\/en\/wp-json\/wp\/v2\/users\/1"}],"replies":[{"embeddable":true,"href":"https:\/\/insistnova.in-sist.si\/en\/wp-json\/wp\/v2\/comments?post=15511"}],"version-history":[{"count":4,"href":"https:\/\/insistnova.in-sist.si\/en\/wp-json\/wp\/v2\/pages\/15511\/revisions"}],"predecessor-version":[{"id":16957,"href":"https:\/\/insistnova.in-sist.si\/en\/wp-json\/wp\/v2\/pages\/15511\/revisions\/16957"}],"wp:attachment":[{"href":"https:\/\/insistnova.in-sist.si\/en\/wp-json\/wp\/v2\/media?parent=15511"}],"curies":[{"name":"wp","href":"https:\/\/api.w.org\/{rel}","templated":true}]}}