{"id":15514,"date":"2025-11-10T10:22:18","date_gmt":"2025-11-10T10:22:18","guid":{"rendered":"http:\/\/insistnova.in-sist.si\/mission-and-values\/"},"modified":"2025-12-10T07:22:46","modified_gmt":"2025-12-10T07:22:46","slug":"mission-and-values","status":"publish","type":"page","link":"https:\/\/insistnova.in-sist.si\/en\/mission-and-values\/","title":{"rendered":"Mission and values"},"content":{"rendered":"\t\t<div data-elementor-type=\"wp-page\" data-elementor-id=\"15514\" class=\"elementor elementor-15514 elementor-13867\" data-elementor-post-type=\"page\">\n\t\t\t\t<div class=\"elementor-element elementor-element-1edd3e8e e-con-full e-flex e-con e-child\" data-id=\"1edd3e8e\" data-element_type=\"container\">\n\t\t\t\t<div class=\"elementor-element elementor-element-32ef373e navigation-breadcrumbs-custom split-breadcrumbs-y elementor-widget elementor-widget-global elementor-global-15262 elementor-global-13719 elementor-widget-the7-breadcrumb\" data-id=\"32ef373e\" data-element_type=\"widget\" data-widget_type=\"the7-breadcrumb.default\">\n\t\t\t\t<div class=\"elementor-widget-container\">\n\t\t\t\t\t<div class=\"assistive-text\">You are here:<\/div><ol class=\"breadcrumbs text-small rcrumbs\" itemscope itemtype=\"https:\/\/schema.org\/BreadcrumbList\"><li itemprop=\"itemListElement\" itemscope itemtype=\"https:\/\/schema.org\/ListItem\"><a itemprop=\"item\" href=\"https:\/\/insistnova.in-sist.si\/en\/\" title=\"Home\"><span itemprop=\"name\">Home<\/span><\/a><meta itemprop=\"position\" content=\"1\" \/><\/li><li class=\"current\" itemprop=\"itemListElement\" itemscope itemtype=\"https:\/\/schema.org\/ListItem\"><span itemprop=\"name\">Page<\/span><meta itemprop=\"position\" content=\"2\" \/><\/li><\/ol>\t\t\t\t<\/div>\n\t\t\t\t<\/div>\n\t\t\t\t<div class=\"elementor-element elementor-element-585eabc elementor-widget elementor-widget-slider_revolution\" data-id=\"585eabc\" data-element_type=\"widget\" data-widget_type=\"slider_revolution.default\">\n\t\t\t\t<div class=\"elementor-widget-container\">\n\t\t\t\t\t\n\t\t<div class=\"wp-block-themepunch-revslider\">\n\t\t\t\t<p class=\"rs-p-wp-fix\"><\/p>\n\t\t\t\t<sr7-module data-alias=\"mission\" data-id=\"76\" id=\"SR7_76_1\" class=\"rs-ov-hidden\" data-version=\"6.7.37\">\n\t\t\t\t\t<sr7-adjuster><\/sr7-adjuster>\n\t\t\t\t\t<sr7-content>\n\t\t\t\t\t\t<sr7-slide id=\"SR7_76_1-203\" data-key=\"203\">\n\t\t\t\t\t\t\t<sr7-txt id=\"SR7_76_1-203-2\" class=\"sr7-layer\">Mission and Values<\/sr7-txt>\n\t\t\t\t\t\t<\/sr7-slide>\n\t\t\t\t\t\t<sr7-slide id=\"SR7_76_1-167\" data-key=\"167\">\n\t\t\t\t\t\t<\/sr7-slide>\n\t\t\t\t\t<\/sr7-content>\n\t\t\t\t\t<image_lists style=\"display:none\">\n\t\t\t\t\t\t<img data-src=\"\/\/insistnova.in-sist.si\/wp-content\/uploads\/2025\/09\/Slider-3.jpg\" data-libid=\"13566\" data-lib=\"medialibrary\" title=\"Slider 3\" width=\"0\" height=\"0\" data-dbsrc=\"Ly9pbnNpc3Rub3ZhLmluLXNpc3Quc2kvd3AtY29udGVudC91cGxvYWRzLzIwMjUvMDkvU2xpZGVyLTMuanBn\"\/>\n\t\t\t\t\t<\/image_lists>\n\t\t\t\t<\/sr7-module>\n\t\t\t\t<script>\n\t\t\t\t\tSR7.PMH ??={}; SR7.PMH[\"SR7_76_1\"] = {cn:100,state:false,fn: function() { if (_tpt!==undefined && _tpt.prepareModuleHeight !== undefined) {  _tpt.prepareModuleHeight({id:\"SR7_76_1\",el:[400,400,410,960,193],type:'hero',shdw:'0',gh:[400,400,410,313,193],gw:[1240,1240,1024,778,480],vpt:['-100px&#039;,&#039;-100px&#039;,&#039;-100px&#039;,&#039;-100px&#039;,&#039;-100px'],size:{fullWidth:true, fullHeight:false},mh:'0',onh:0,onw:0,bg:{color:'{\"orig\":\"transparent\",\"type\":\"solid\",\"string\":\"transparent\"}'}});   SR7.PMH[\"SR7_76_1\"].state=true;} else if(SR7.PMH[\"SR7_76_1\"].cn-->0)\tsetTimeout( SR7.PMH[\"SR7_76_1\"].fn,19);}};SR7.PMH[\"SR7_76_1\" ].fn();\n\t\t\t\t<\/script>\n<\/div>\n\n\t\t\t\t\t\t<\/div>\n\t\t\t\t<\/div>\n\t\t\t\t<\/div>\n\t\t<div class=\"elementor-element elementor-element-4e6b6f9f main-container e-flex e-con-boxed e-con e-parent\" data-id=\"4e6b6f9f\" data-element_type=\"container\">\n\t\t\t\t\t<div class=\"e-con-inner\">\n\t\t<div class=\"elementor-element elementor-element-72d3a7b7 e-con-full div-bellow-hero e-flex e-con e-child\" data-id=\"72d3a7b7\" data-element_type=\"container\" data-settings=\"{&quot;background_background&quot;:&quot;classic&quot;}\">\n\t\t<div class=\"elementor-element elementor-element-4dbcfba1 e-con-fit text-bellow-hero e-flex e-con e-child\" data-id=\"4dbcfba1\" data-element_type=\"container\">\n\t\t\t\t<div class=\"elementor-element elementor-element-60414886 elementor-widget elementor-widget-heading\" data-id=\"60414886\" data-element_type=\"widget\" data-widget_type=\"heading.default\">\n\t\t\t\t<div class=\"elementor-widget-container\">\n\t\t\t\t\t<h1 class=\"elementor-heading-title elementor-size-default\">Our mission<\/h1>\t\t\t\t<\/div>\n\t\t\t\t<\/div>\n\t\t\t\t<div class=\"elementor-element elementor-element-3398e20d elementor-widget elementor-widget-text-editor\" data-id=\"3398e20d\" data-element_type=\"widget\" data-widget_type=\"text-editor.default\">\n\t\t\t\t<div class=\"elementor-widget-container\">\n\t\t\t\t\t\t\t\t\t<p data-start=\"2829\" data-end=\"3058\">Our mission is to enable companies to run their digital business reliably, efficiently and sustainably in the long term.<br data-start=\"2934\" data-end=\"2937\">We help organisations with comprehensive ERP solutions, process digitisation, network infrastructure and business analytics:<\/p><ul data-start=\"3060\" data-end=\"3271\"><li data-start=\"3060\" data-end=\"3092\"><p data-start=\"3062\" data-end=\"3092\">optimise workflows<\/p><\/li><li data-start=\"3093\" data-end=\"3146\"><p data-start=\"3095\" data-end=\"3146\">reduce costs and administrative burdens,<\/p><\/li><li data-start=\"3147\" data-end=\"3189\"><p data-start=\"3149\" data-end=\"3189\">improve transparency and traceability,<\/p><\/li><li data-start=\"3190\" data-end=\"3243\"><p data-start=\"3192\" data-end=\"3243\">increase information security and environmental stability,<\/p><\/li><li data-start=\"3244\" data-end=\"3271\"><p data-start=\"3246\" data-end=\"3271\">achieve sustainable growth.<\/p><\/li><\/ul><p data-start=\"3273\" data-end=\"3437\">Our role is not only technological &#8211; it is also advisory. We help clients understand processes, improve their organisation and use data as a key business advantage. <\/p>\t\t\t\t\t\t\t\t<\/div>\n\t\t\t\t<\/div>\n\t\t\t\t<\/div>\n\t\t<div class=\"elementor-element elementor-element-45760d5 e-con-fit e-flex e-con e-child\" data-id=\"45760d5\" data-element_type=\"container\">\n\t\t\t\t<div class=\"elementor-element elementor-element-8f05cb elementor-widget__width-initial elementor-widget elementor-widget-image\" data-id=\"8f05cb\" data-element_type=\"widget\" data-widget_type=\"image.default\">\n\t\t\t\t<div class=\"elementor-widget-container\">\n\t\t\t\t\t\t\t\t\t\t\t\t\t\t\t<img fetchpriority=\"high\" decoding=\"async\" width=\"768\" height=\"576\" src=\"https:\/\/insistnova.in-sist.si\/wp-content\/uploads\/2025\/11\/WMS-768x576.jpg\" class=\"attachment-medium_large size-medium_large wp-image-15444\" alt=\"\" srcset=\"https:\/\/insistnova.in-sist.si\/wp-content\/uploads\/2025\/11\/WMS-768x576.jpg 768w, https:\/\/insistnova.in-sist.si\/wp-content\/uploads\/2025\/11\/WMS-300x225.jpg 300w, https:\/\/insistnova.in-sist.si\/wp-content\/uploads\/2025\/11\/WMS-1024x768.jpg 1024w, https:\/\/insistnova.in-sist.si\/wp-content\/uploads\/2025\/11\/WMS-1536x1152.jpg 1536w, https:\/\/insistnova.in-sist.si\/wp-content\/uploads\/2025\/11\/WMS-2048x1536.jpg 2048w, https:\/\/insistnova.in-sist.si\/wp-content\/uploads\/2025\/11\/WMS-900x675.jpg 900w, https:\/\/insistnova.in-sist.si\/wp-content\/uploads\/2025\/11\/WMS-1200x900.jpg 1200w\" sizes=\"(max-width: 768px) 100vw, 768px\" \/>\t\t\t\t\t\t\t\t\t\t\t\t\t\t\t<\/div>\n\t\t\t\t<\/div>\n\t\t\t\t<\/div>\n\t\t\t\t<\/div>\n\t\t\t\t<div class=\"elementor-element elementor-element-f8fe410 elementor-widget elementor-widget-heading\" data-id=\"f8fe410\" data-element_type=\"widget\" data-widget_type=\"heading.default\">\n\t\t\t\t<div class=\"elementor-widget-container\">\n\t\t\t\t\t<h2 class=\"elementor-heading-title elementor-size-default\">Our vision<\/h2>\t\t\t\t<\/div>\n\t\t\t\t<\/div>\n\t\t\t\t<div class=\"elementor-element elementor-element-d2f85d3 elementor-widget elementor-widget-text-editor\" data-id=\"d2f85d3\" data-element_type=\"widget\" data-widget_type=\"text-editor.default\">\n\t\t\t\t<div class=\"elementor-widget-container\">\n\t\t\t\t\t\t\t\t\t<p data-start=\"4693\" data-end=\"4806\">The vision of IN.SIST d.o.o. is to become a leading provider of digital solutions that enable Slovenian companies to:<\/p><ul data-start=\"4808\" data-end=\"4956\"><li data-start=\"4808\" data-end=\"4833\"><p data-start=\"4810\" data-end=\"4833\">competitive advantage,<\/p><\/li><li data-start=\"4834\" data-end=\"4859\"><p data-start=\"4836\" data-end=\"4859\">optimised processes<\/p><\/li><li data-start=\"4860\" data-end=\"4902\"><p data-start=\"4862\" data-end=\"4902\">a secure and modern IT environment<\/p><\/li><li data-start=\"4903\" data-end=\"4956\"><p data-start=\"4905\" data-end=\"4956\">and support they can rely on at any time.<\/p><\/li><\/ul>\t\t\t\t\t\t\t\t<\/div>\n\t\t\t\t<\/div>\n\t\t\t\t\t<\/div>\n\t\t\t\t<\/div>\n\t\t<div class=\"elementor-element elementor-element-64a0dc02 e-con-full e-flex e-con e-parent\" data-id=\"64a0dc02\" data-element_type=\"container\">\n\t\t<div class=\"elementor-element elementor-element-bbffb32 e-con-full e-flex e-con e-child\" data-id=\"bbffb32\" data-element_type=\"container\" data-settings=\"{&quot;background_background&quot;:&quot;classic&quot;}\">\n\t\t<div class=\"elementor-element elementor-element-744a7ab4 e-con-full e-flex e-con e-child\" data-id=\"744a7ab4\" data-element_type=\"container\">\n\t\t\t\t<div class=\"elementor-element elementor-element-7bc6f55d elementor-widget elementor-widget-heading\" data-id=\"7bc6f55d\" data-element_type=\"widget\" data-widget_type=\"heading.default\">\n\t\t\t\t<div class=\"elementor-widget-container\">\n\t\t\t\t\t<h2 class=\"elementor-heading-title elementor-size-default\">Why with us?<\/h2>\t\t\t\t<\/div>\n\t\t\t\t<\/div>\n\t\t\t\t<div class=\"elementor-element elementor-element-15b8fdf1 elementor-widget elementor-widget-text-editor\" data-id=\"15b8fdf1\" data-element_type=\"widget\" data-widget_type=\"text-editor.default\">\n\t\t\t\t<div class=\"elementor-widget-container\">\n\t\t\t\t\t\t\t\t\t<p>Smo certificiran partner z bogatimi izku\u0161njami na podro\u010dju ERP uvedb in digitalizacije poslovanja. Razumemo tehnolo\u0161ke in \u010dlove\u0161ke izzive pri uvedbi tak\u0161nega sistema, zato zagotovimo strokovno voden projekt, ki se osredoto\u010da na kon\u010dnega uporabnika in dolgoro\u010dno vrednost. <\/p><p>Whether you&#8217;re a micro-business or a manufacturing company with complex processes &#8211; with Pantheon ERP, you get a tool that grows with you.<\/p>\t\t\t\t\t\t\t\t<\/div>\n\t\t\t\t<\/div>\n\t\t\t\t<div class=\"elementor-element elementor-element-14acba14 elementor-widget elementor-widget-button\" data-id=\"14acba14\" data-element_type=\"widget\" data-widget_type=\"button.default\">\n\t\t\t\t<div class=\"elementor-widget-container\">\n\t\t\t\t\t\t\t\t\t<div class=\"elementor-button-wrapper\">\n\t\t\t\t\t<a class=\"elementor-button elementor-button-link elementor-size-sm\" href=\"#\">\n\t\t\t\t\t\t<span class=\"elementor-button-content-wrapper\">\n\t\t\t\t\t\t\t\t\t<span class=\"elementor-button-text\">More about us<\/span>\n\t\t\t\t\t<\/span>\n\t\t\t\t\t<\/a>\n\t\t\t\t<\/div>\n\t\t\t\t\t\t\t\t<\/div>\n\t\t\t\t<\/div>\n\t\t\t\t<\/div>\n\t\t\t\t<\/div>\n\t\t<div class=\"elementor-element elementor-element-52e02fe e-con-full e-flex e-con e-child\" data-id=\"52e02fe\" data-element_type=\"container\" data-settings=\"{&quot;background_background&quot;:&quot;classic&quot;}\">\n\t\t<div class=\"elementor-element elementor-element-a660d5b e-con-full e-flex e-con e-child\" data-id=\"a660d5b\" data-element_type=\"container\">\n\t\t\t\t<div class=\"elementor-element elementor-element-42d30fcf elementor-widget elementor-widget-heading\" data-id=\"42d30fcf\" data-element_type=\"widget\" data-widget_type=\"heading.default\">\n\t\t\t\t<div class=\"elementor-widget-container\">\n\t\t\t\t\t<h2 class=\"elementor-heading-title elementor-size-default\">Want to know more or schedule a consultation?<\/h2>\t\t\t\t<\/div>\n\t\t\t\t<\/div>\n\t\t\t\t<div class=\"elementor-element elementor-element-7bcaad0c elementor-widget elementor-widget-text-editor\" data-id=\"7bcaad0c\" data-element_type=\"widget\" data-widget_type=\"text-editor.default\">\n\t\t\t\t<div class=\"elementor-widget-container\">\n\t\t\t\t\t\t\t\t\t<p>Contact us and we will be happy to make you a presentation or a concrete offer.<\/p>\t\t\t\t\t\t\t\t<\/div>\n\t\t\t\t<\/div>\n\t\t\t\t<\/div>\n\t\t\t\t<\/div>\n\t\t\t\t<\/div>\n\t\t<div class=\"elementor-element elementor-element-39179f09 main-container e-flex e-con-boxed e-con e-parent\" data-id=\"39179f09\" data-element_type=\"container\">\n\t\t\t\t\t<div class=\"e-con-inner\">\n\t\t<div class=\"elementor-element elementor-element-528632bc e-con-full e-flex e-con e-child\" data-id=\"528632bc\" data-element_type=\"container\">\n\t\t\t\t<div class=\"elementor-element elementor-element-55ff4f95 elementor-widget elementor-widget-heading\" data-id=\"55ff4f95\" data-element_type=\"widget\" data-widget_type=\"heading.default\">\n\t\t\t\t<div class=\"elementor-widget-container\">\n\t\t\t\t\t<h2 class=\"elementor-heading-title elementor-size-default\">Zaupajo nam<\/h2>\t\t\t\t<\/div>\n\t\t\t\t<\/div>\n\t\t\t\t<\/div>\n\t\t<div class=\"elementor-element elementor-element-91af23c e-con-full e-flex e-con e-child\" data-id=\"91af23c\" data-element_type=\"container\">\n\t\t<div class=\"elementor-element elementor-element-7cecb2e3 e-grid e-con-full trust-us e-con e-child\" data-id=\"7cecb2e3\" data-element_type=\"container\">\n\t\t\t\t<div class=\"elementor-element elementor-element-3df5633d elementor-widget elementor-widget-image\" data-id=\"3df5633d\" data-element_type=\"widget\" data-widget_type=\"image.default\">\n\t\t\t\t<div class=\"elementor-widget-container\">\n\t\t\t\t\t\t\t\t\t\t\t\t\t\t\t<img decoding=\"async\" width=\"119\" height=\"35\" src=\"https:\/\/insistnova.in-sist.si\/wp-content\/uploads\/2025\/11\/petpak-black-1_gray.svg\" class=\"attachment-large size-large wp-image-16107\" alt=\"\" \/>\t\t\t\t\t\t\t\t\t\t\t\t\t\t\t<\/div>\n\t\t\t\t<\/div>\n\t\t\t\t<div class=\"elementor-element elementor-element-5fe38430 elementor-widget elementor-widget-image\" data-id=\"5fe38430\" data-element_type=\"widget\" data-widget_type=\"image.default\">\n\t\t\t\t<div class=\"elementor-widget-container\">\n\t\t\t\t\t\t\t\t\t\t\t\t\t\t\t<img loading=\"lazy\" decoding=\"async\" width=\"240\" height=\"91\" src=\"https:\/\/insistnova.in-sist.si\/wp-content\/uploads\/2025\/11\/skisea.png\" class=\"attachment-large size-large wp-image-16106\" alt=\"\" \/>\t\t\t\t\t\t\t\t\t\t\t\t\t\t\t<\/div>\n\t\t\t\t<\/div>\n\t\t\t\t<div class=\"elementor-element elementor-element-33202176 elementor-widget elementor-widget-image\" data-id=\"33202176\" data-element_type=\"widget\" data-widget_type=\"image.default\">\n\t\t\t\t<div class=\"elementor-widget-container\">\n\t\t\t\t\t\t\t\t\t\t\t\t\t\t\t<img loading=\"lazy\" decoding=\"async\" width=\"300\" height=\"100\" src=\"https:\/\/insistnova.in-sist.si\/wp-content\/uploads\/2025\/11\/logo-rogaska.png\" class=\"attachment-large size-large wp-image-16103\" alt=\"\" \/>\t\t\t\t\t\t\t\t\t\t\t\t\t\t\t<\/div>\n\t\t\t\t<\/div>\n\t\t\t\t<div class=\"elementor-element elementor-element-2e9fe20e elementor-widget elementor-widget-image\" data-id=\"2e9fe20e\" data-element_type=\"widget\" data-widget_type=\"image.default\">\n\t\t\t\t<div class=\"elementor-widget-container\">\n\t\t\t\t\t\t\t\t\t\t\t\t\t\t\t<img loading=\"lazy\" decoding=\"async\" width=\"200\" height=\"65\" src=\"https:\/\/insistnova.in-sist.si\/wp-content\/uploads\/2025\/11\/preline-e1756895215330.jpg\" class=\"attachment-full size-full wp-image-16105\" alt=\"\" \/>\t\t\t\t\t\t\t\t\t\t\t\t\t\t\t<\/div>\n\t\t\t\t<\/div>\n\t\t\t\t<div class=\"elementor-element elementor-element-16ccf2e4 elementor-widget elementor-widget-image\" data-id=\"16ccf2e4\" data-element_type=\"widget\" data-widget_type=\"image.default\">\n\t\t\t\t<div class=\"elementor-widget-container\">\n\t\t\t\t\t\t\t\t\t\t\t\t\t\t\t<img loading=\"lazy\" decoding=\"async\" width=\"1181\" height=\"113\" src=\"https:\/\/insistnova.in-sist.si\/wp-content\/uploads\/2025\/11\/Metal-product-logo.jpg\" class=\"attachment-full size-full wp-image-16104\" alt=\"\" srcset=\"https:\/\/insistnova.in-sist.si\/wp-content\/uploads\/2025\/11\/Metal-product-logo.jpg 1181w, https:\/\/insistnova.in-sist.si\/wp-content\/uploads\/2025\/11\/Metal-product-logo-300x29.jpg 300w, https:\/\/insistnova.in-sist.si\/wp-content\/uploads\/2025\/11\/Metal-product-logo-1024x98.jpg 1024w, https:\/\/insistnova.in-sist.si\/wp-content\/uploads\/2025\/11\/Metal-product-logo-768x73.jpg 768w, https:\/\/insistnova.in-sist.si\/wp-content\/uploads\/2025\/11\/Metal-product-logo-900x86.jpg 900w\" sizes=\"(max-width: 1181px) 100vw, 1181px\" \/>\t\t\t\t\t\t\t\t\t\t\t\t\t\t\t<\/div>\n\t\t\t\t<\/div>\n\t\t\t\t<\/div>\n\t\t\t\t<\/div>\n\t\t\t\t\t<\/div>\n\t\t\t\t<\/div>\n\t\t\t\t<\/div>\n\t\t","protected":false},"excerpt":{"rendered":"<p>Tukaj ste: Domov Stran Our mission Our mission is to enable companies to run their digital business reliably, efficiently and sustainably in the long term.We help organisations with comprehensive ERP solutions, process digitisation, network infrastructure and business analytics: optimise workflows reduce costs and administrative burdens, improve transparency and traceability, increase information security and environmental stability,&hellip;<\/p>\n","protected":false},"author":1,"featured_media":0,"parent":0,"menu_order":0,"comment_status":"closed","ping_status":"closed","template":"elementor_header_footer","meta":{"_acf_changed":false,"give_campaign_id":0,"footnotes":""},"class_list":["post-15514","page","type-page","status-publish","hentry"],"acf":[],"yoast_head":"<!-- This site is optimized with the Yoast SEO plugin v25.9 - https:\/\/yoast.com\/wordpress\/plugins\/seo\/ -->\n<title>Mission and values - In.Sist<\/title>\n<meta name=\"robots\" content=\"index, follow, max-snippet:-1, max-image-preview:large, max-video-preview:-1\" \/>\n<link rel=\"canonical\" href=\"https:\/\/insistnova.in-sist.si\/en\/mission-and-values\/\" \/>\n<meta property=\"og:locale\" content=\"en_US\" \/>\n<meta property=\"og:type\" content=\"article\" \/>\n<meta property=\"og:title\" content=\"Mission and values - In.Sist\" \/>\n<meta property=\"og:description\" content=\"Tukaj ste: Domov Stran Our mission Our mission is to enable companies to run their digital business reliably, efficiently and sustainably in the long term.We help organisations with comprehensive ERP solutions, process digitisation, network infrastructure and business analytics: optimise workflows reduce costs and administrative burdens, improve transparency and traceability, increase information security and environmental stability,&hellip;\" \/>\n<meta property=\"og:url\" content=\"https:\/\/insistnova.in-sist.si\/en\/mission-and-values\/\" \/>\n<meta property=\"og:site_name\" content=\"In.Sist\" \/>\n<meta property=\"article:modified_time\" content=\"2025-12-10T07:22:46+00:00\" \/>\n<meta property=\"og:image\" content=\"http:\/\/insistnova.in-sist.si\/wp-content\/uploads\/2025\/11\/WMS-768x576.jpg\" \/>\n<meta name=\"twitter:card\" content=\"summary_large_image\" \/>\n<meta name=\"twitter:label1\" content=\"Est. reading time\" \/>\n\t<meta name=\"twitter:data1\" content=\"1 minute\" \/>\n<script type=\"application\/ld+json\" class=\"yoast-schema-graph\">{\"@context\":\"https:\/\/schema.org\",\"@graph\":[{\"@type\":\"WebPage\",\"@id\":\"https:\/\/insistnova.in-sist.si\/en\/mission-and-values\/\",\"url\":\"https:\/\/insistnova.in-sist.si\/en\/mission-and-values\/\",\"name\":\"Mission and values - In.Sist\",\"isPartOf\":{\"@id\":\"https:\/\/insistnova.in-sist.si\/en\/#website\"},\"primaryImageOfPage\":{\"@id\":\"https:\/\/insistnova.in-sist.si\/en\/mission-and-values\/#primaryimage\"},\"image\":{\"@id\":\"https:\/\/insistnova.in-sist.si\/en\/mission-and-values\/#primaryimage\"},\"thumbnailUrl\":\"http:\/\/insistnova.in-sist.si\/wp-content\/uploads\/2025\/11\/WMS-768x576.jpg\",\"datePublished\":\"2025-11-10T10:22:18+00:00\",\"dateModified\":\"2025-12-10T07:22:46+00:00\",\"breadcrumb\":{\"@id\":\"https:\/\/insistnova.in-sist.si\/en\/mission-and-values\/#breadcrumb\"},\"inLanguage\":\"en-US\",\"potentialAction\":[{\"@type\":\"ReadAction\",\"target\":[\"https:\/\/insistnova.in-sist.si\/en\/mission-and-values\/\"]}]},{\"@type\":\"ImageObject\",\"inLanguage\":\"en-US\",\"@id\":\"https:\/\/insistnova.in-sist.si\/en\/mission-and-values\/#primaryimage\",\"url\":\"http:\/\/insistnova.in-sist.si\/wp-content\/uploads\/2025\/11\/WMS-768x576.jpg\",\"contentUrl\":\"http:\/\/insistnova.in-sist.si\/wp-content\/uploads\/2025\/11\/WMS-768x576.jpg\"},{\"@type\":\"BreadcrumbList\",\"@id\":\"https:\/\/insistnova.in-sist.si\/en\/mission-and-values\/#breadcrumb\",\"itemListElement\":[{\"@type\":\"ListItem\",\"position\":1,\"name\":\"Home\",\"item\":\"https:\/\/insistnova.in-sist.si\/en\/\"},{\"@type\":\"ListItem\",\"position\":2,\"name\":\"Mission and values\"}]},{\"@type\":\"WebSite\",\"@id\":\"https:\/\/insistnova.in-sist.si\/en\/#website\",\"url\":\"https:\/\/insistnova.in-sist.si\/en\/\",\"name\":\"In.Sist\",\"description\":\"\",\"publisher\":{\"@id\":\"https:\/\/insistnova.in-sist.si\/en\/#organization\"},\"potentialAction\":[{\"@type\":\"SearchAction\",\"target\":{\"@type\":\"EntryPoint\",\"urlTemplate\":\"https:\/\/insistnova.in-sist.si\/en\/?s={search_term_string}\"},\"query-input\":{\"@type\":\"PropertyValueSpecification\",\"valueRequired\":true,\"valueName\":\"search_term_string\"}}],\"inLanguage\":\"en-US\"},{\"@type\":\"Organization\",\"@id\":\"https:\/\/insistnova.in-sist.si\/en\/#organization\",\"name\":\"In.Sist\",\"url\":\"https:\/\/insistnova.in-sist.si\/en\/\",\"logo\":{\"@type\":\"ImageObject\",\"inLanguage\":\"en-US\",\"@id\":\"https:\/\/insistnova.in-sist.si\/en\/#\/schema\/logo\/image\/\",\"url\":\"https:\/\/insistnova.in-sist.si\/wp-content\/uploads\/2025\/04\/smallerinsistia.png\",\"contentUrl\":\"https:\/\/insistnova.in-sist.si\/wp-content\/uploads\/2025\/04\/smallerinsistia.png\",\"width\":350,\"height\":100,\"caption\":\"In.Sist\"},\"image\":{\"@id\":\"https:\/\/insistnova.in-sist.si\/en\/#\/schema\/logo\/image\/\"}}]}<\/script>\n<!-- \/ Yoast SEO plugin. -->","yoast_head_json":{"title":"Mission and values - In.Sist","robots":{"index":"index","follow":"follow","max-snippet":"max-snippet:-1","max-image-preview":"max-image-preview:large","max-video-preview":"max-video-preview:-1"},"canonical":"https:\/\/insistnova.in-sist.si\/en\/mission-and-values\/","og_locale":"en_US","og_type":"article","og_title":"Mission and values - In.Sist","og_description":"Tukaj ste: Domov Stran Our mission Our mission is to enable companies to run their digital business reliably, efficiently and sustainably in the long term.We help organisations with comprehensive ERP solutions, process digitisation, network infrastructure and business analytics: optimise workflows reduce costs and administrative burdens, improve transparency and traceability, increase information security and environmental stability,&hellip;","og_url":"https:\/\/insistnova.in-sist.si\/en\/mission-and-values\/","og_site_name":"In.Sist","article_modified_time":"2025-12-10T07:22:46+00:00","og_image":[{"url":"http:\/\/insistnova.in-sist.si\/wp-content\/uploads\/2025\/11\/WMS-768x576.jpg","type":"","width":"","height":""}],"twitter_card":"summary_large_image","twitter_misc":{"Est. reading time":"1 minute"},"schema":{"@context":"https:\/\/schema.org","@graph":[{"@type":"WebPage","@id":"https:\/\/insistnova.in-sist.si\/en\/mission-and-values\/","url":"https:\/\/insistnova.in-sist.si\/en\/mission-and-values\/","name":"Mission and values - In.Sist","isPartOf":{"@id":"https:\/\/insistnova.in-sist.si\/en\/#website"},"primaryImageOfPage":{"@id":"https:\/\/insistnova.in-sist.si\/en\/mission-and-values\/#primaryimage"},"image":{"@id":"https:\/\/insistnova.in-sist.si\/en\/mission-and-values\/#primaryimage"},"thumbnailUrl":"http:\/\/insistnova.in-sist.si\/wp-content\/uploads\/2025\/11\/WMS-768x576.jpg","datePublished":"2025-11-10T10:22:18+00:00","dateModified":"2025-12-10T07:22:46+00:00","breadcrumb":{"@id":"https:\/\/insistnova.in-sist.si\/en\/mission-and-values\/#breadcrumb"},"inLanguage":"en-US","potentialAction":[{"@type":"ReadAction","target":["https:\/\/insistnova.in-sist.si\/en\/mission-and-values\/"]}]},{"@type":"ImageObject","inLanguage":"en-US","@id":"https:\/\/insistnova.in-sist.si\/en\/mission-and-values\/#primaryimage","url":"http:\/\/insistnova.in-sist.si\/wp-content\/uploads\/2025\/11\/WMS-768x576.jpg","contentUrl":"http:\/\/insistnova.in-sist.si\/wp-content\/uploads\/2025\/11\/WMS-768x576.jpg"},{"@type":"BreadcrumbList","@id":"https:\/\/insistnova.in-sist.si\/en\/mission-and-values\/#breadcrumb","itemListElement":[{"@type":"ListItem","position":1,"name":"Home","item":"https:\/\/insistnova.in-sist.si\/en\/"},{"@type":"ListItem","position":2,"name":"Mission and values"}]},{"@type":"WebSite","@id":"https:\/\/insistnova.in-sist.si\/en\/#website","url":"https:\/\/insistnova.in-sist.si\/en\/","name":"In.Sist","description":"","publisher":{"@id":"https:\/\/insistnova.in-sist.si\/en\/#organization"},"potentialAction":[{"@type":"SearchAction","target":{"@type":"EntryPoint","urlTemplate":"https:\/\/insistnova.in-sist.si\/en\/?s={search_term_string}"},"query-input":{"@type":"PropertyValueSpecification","valueRequired":true,"valueName":"search_term_string"}}],"inLanguage":"en-US"},{"@type":"Organization","@id":"https:\/\/insistnova.in-sist.si\/en\/#organization","name":"In.Sist","url":"https:\/\/insistnova.in-sist.si\/en\/","logo":{"@type":"ImageObject","inLanguage":"en-US","@id":"https:\/\/insistnova.in-sist.si\/en\/#\/schema\/logo\/image\/","url":"https:\/\/insistnova.in-sist.si\/wp-content\/uploads\/2025\/04\/smallerinsistia.png","contentUrl":"https:\/\/insistnova.in-sist.si\/wp-content\/uploads\/2025\/04\/smallerinsistia.png","width":350,"height":100,"caption":"In.Sist"},"image":{"@id":"https:\/\/insistnova.in-sist.si\/en\/#\/schema\/logo\/image\/"}}]}},"campaignId":"","_links":{"self":[{"href":"https:\/\/insistnova.in-sist.si\/en\/wp-json\/wp\/v2\/pages\/15514","targetHints":{"allow":["GET"]}}],"collection":[{"href":"https:\/\/insistnova.in-sist.si\/en\/wp-json\/wp\/v2\/pages"}],"about":[{"href":"https:\/\/insistnova.in-sist.si\/en\/wp-json\/wp\/v2\/types\/page"}],"author":[{"embeddable":true,"href":"https:\/\/insistnova.in-sist.si\/en\/wp-json\/wp\/v2\/users\/1"}],"replies":[{"embeddable":true,"href":"https:\/\/insistnova.in-sist.si\/en\/wp-json\/wp\/v2\/comments?post=15514"}],"version-history":[{"count":4,"href":"https:\/\/insistnova.in-sist.si\/en\/wp-json\/wp\/v2\/pages\/15514\/revisions"}],"predecessor-version":[{"id":16953,"href":"https:\/\/insistnova.in-sist.si\/en\/wp-json\/wp\/v2\/pages\/15514\/revisions\/16953"}],"wp:attachment":[{"href":"https:\/\/insistnova.in-sist.si\/en\/wp-json\/wp\/v2\/media?parent=15514"}],"curies":[{"name":"wp","href":"https:\/\/api.w.org\/{rel}","templated":true}]}}