{"id":15544,"date":"2025-09-18T07:15:22","date_gmt":"2025-09-18T07:15:22","guid":{"rendered":"http:\/\/insistnova.in-sist.si\/local-and-eu-calls-for-tender-2\/"},"modified":"2025-12-08T13:50:11","modified_gmt":"2025-12-08T13:50:11","slug":"local-and-eu-calls-for-tender-2","status":"publish","type":"page","link":"https:\/\/insistnova.in-sist.si\/en\/local-and-eu-calls-for-tender-2\/","title":{"rendered":"Local and EU calls for tender"},"content":{"rendered":"\t\t<div data-elementor-type=\"wp-page\" data-elementor-id=\"15544\" class=\"elementor elementor-15544 elementor-13455\" data-elementor-post-type=\"page\">\n\t\t\t\t<div class=\"elementor-element elementor-element-55cafa60 e-con-full e-flex e-con e-parent\" data-id=\"55cafa60\" data-element_type=\"container\">\n\t\t\t\t<div class=\"elementor-element elementor-element-13719 navigation-breadcrumbs-custom split-breadcrumbs-y elementor-widget elementor-widget-global elementor-global-15262 elementor-global-13719 elementor-widget-the7-breadcrumb\" data-id=\"13719\" data-element_type=\"widget\" data-widget_type=\"the7-breadcrumb.default\">\n\t\t\t\t<div class=\"elementor-widget-container\">\n\t\t\t\t\t<div class=\"assistive-text\">You are here:<\/div><ol class=\"breadcrumbs text-small rcrumbs\" itemscope itemtype=\"https:\/\/schema.org\/BreadcrumbList\"><li itemprop=\"itemListElement\" itemscope itemtype=\"https:\/\/schema.org\/ListItem\"><a itemprop=\"item\" href=\"https:\/\/insistnova.in-sist.si\/en\/\" title=\"Home\"><span itemprop=\"name\">Home<\/span><\/a><meta itemprop=\"position\" content=\"1\" \/><\/li><li class=\"current\" itemprop=\"itemListElement\" itemscope itemtype=\"https:\/\/schema.org\/ListItem\"><span itemprop=\"name\">Page<\/span><meta itemprop=\"position\" content=\"2\" \/><\/li><\/ol>\t\t\t\t<\/div>\n\t\t\t\t<\/div>\n\t\t\t\t<div class=\"elementor-element elementor-element-2aabd7d2 elementor-widget elementor-widget-slider_revolution\" data-id=\"2aabd7d2\" data-element_type=\"widget\" data-widget_type=\"slider_revolution.default\">\n\t\t\t\t<div class=\"elementor-widget-container\">\n\t\t\t\t\t\n\t\t<div class=\"wp-block-themepunch-revslider\">\n\t\t\t\t<p class=\"rs-p-wp-fix\"><\/p>\n\t\t\t\t<sr7-module data-alias=\"local-eu\" data-id=\"47\" id=\"SR7_47_1\" class=\"rs-ov-hidden\" data-version=\"6.7.37\">\n\t\t\t\t\t<sr7-adjuster><\/sr7-adjuster>\n\t\t\t\t\t<sr7-content>\n\t\t\t\t\t\t<sr7-slide id=\"SR7_47_1-199\" data-key=\"199\">\n\t\t\t\t\t\t\t<sr7-txt id=\"SR7_47_1-199-1\" class=\"sr7-layer\">Local and EU Tenders<\/sr7-txt>\n\t\t\t\t\t\t<\/sr7-slide>\n\t\t\t\t\t\t<sr7-slide id=\"SR7_47_1-110\" data-key=\"110\">\n\t\t\t\t\t\t<\/sr7-slide>\n\t\t\t\t\t<\/sr7-content>\n\t\t\t\t\t<image_lists style=\"display:none\">\n\t\t\t\t\t\t<img data-src=\"\/\/insistnova.in-sist.si\/wp-content\/uploads\/2025\/09\/Slider-3.jpg\" data-libid=\"13566\" data-lib=\"medialibrary\" title=\"Slider 3\" width=\"0\" height=\"0\" data-dbsrc=\"Ly9pbnNpc3Rub3ZhLmluLXNpc3Quc2kvd3AtY29udGVudC91cGxvYWRzLzIwMjUvMDkvU2xpZGVyLTMuanBn\"\/>\n\t\t\t\t\t<\/image_lists>\n\t\t\t\t<\/sr7-module>\n\t\t\t\t<script>\n\t\t\t\t\tSR7.PMH ??={}; SR7.PMH[\"SR7_47_1\"] = {cn:100,state:false,fn: function() { if (_tpt!==undefined && _tpt.prepareModuleHeight !== undefined) {  _tpt.prepareModuleHeight({id:\"SR7_47_1\",el:[400,400,768,960,193],type:'hero',shdw:'0',gh:[400,400,412,313,193],gw:[1240,1240,1024,778,480],vpt:['-100px&#039;,&#039;-100px&#039;,&#039;-100px&#039;,&#039;-100px&#039;,&#039;-100px'],size:{fullWidth:true, fullHeight:false},mh:'0',onh:0,onw:0,bg:{color:'{\"orig\":\"transparent\",\"type\":\"solid\",\"string\":\"transparent\"}'}});   SR7.PMH[\"SR7_47_1\"].state=true;} else if(SR7.PMH[\"SR7_47_1\"].cn-->0)\tsetTimeout( SR7.PMH[\"SR7_47_1\"].fn,19);}};SR7.PMH[\"SR7_47_1\" ].fn();\n\t\t\t\t<\/script>\n<\/div>\n\n\t\t\t\t\t\t<\/div>\n\t\t\t\t<\/div>\n\t\t\t\t<\/div>\n\t\t<div class=\"elementor-element elementor-element-2c2962e3 main-container e-flex e-con-boxed e-con e-parent\" data-id=\"2c2962e3\" data-element_type=\"container\">\n\t\t\t\t\t<div class=\"e-con-inner\">\n\t\t<div class=\"elementor-element elementor-element-6fefe5f8 e-grid e-con-full e-con e-child\" data-id=\"6fefe5f8\" data-element_type=\"container\">\n\t\t\t\t<div class=\"elementor-element elementor-element-1d202e4 elementor-widget elementor-widget-shortcode\" data-id=\"1d202e4\" data-element_type=\"widget\" data-widget_type=\"shortcode.default\">\n\t\t\t\t<div class=\"elementor-widget-container\">\n\t\t\t\t\t\t\t<div class=\"elementor-shortcode\"><div class=\"razpisi-grid\"><div class=\"razpis-card\"><h3 class=\"razpis-title\"><a href=\"https:\/\/insistnova.in-sist.si\/en\/razpisi\/kibernetska-varnost-za-msp-digital-europe-programme\/\">Kibernetska varnost za MSP (Digital Europe Programme)<\/a><\/h3><div class=\"razpis-excerpt\">Na\u0161e podjetje vodi konzorcij, ki razvija orodja in storitve za izbolj\u0161anje kibernetske varnosti v MSP. Projekt je podprt iz programa&hellip;<\/div><a class=\"razpis-btn\" href=\"https:\/\/insistnova.in-sist.si\/en\/razpisi\/kibernetska-varnost-za-msp-digital-europe-programme\/\">Poglej podrobnosti<\/a><\/div><div class=\"razpis-card\"><h3 class=\"razpis-title\"><a href=\"https:\/\/insistnova.in-sist.si\/en\/razpisi\/pametna-mesta-in-energetska-ucinkovitost-eu-innovation-fund\/\">Pametna mesta in energetska u\u010dinkovitost (EU Innovation Fund)<\/a><\/h3><div class=\"razpis-excerpt\">I\u0161\u010demo partnerje za EU projekt na podro\u010dju pametnih mest, s ciljem razviti celovite digitalne re\u0161itve za spremljanje, analizo in optimizacijo&hellip;<\/div><a class=\"razpis-btn\" href=\"https:\/\/insistnova.in-sist.si\/en\/razpisi\/pametna-mesta-in-energetska-ucinkovitost-eu-innovation-fund\/\">Poglej podrobnosti<\/a><\/div><div class=\"razpis-card\"><h3 class=\"razpis-title\"><a href=\"https:\/\/insistnova.in-sist.si\/en\/razpisi\/digitalna-transformacija-javne-uprave-horizon-europe\/\">Digitalna transformacija javne uprave (Horizon Europe)<\/a><\/h3><div class=\"razpis-excerpt\">Razvoj inovativnih e-upravno usmerjenih storitev za pove\u010danje u\u010dinkovitosti in transparentnosti v dr\u017eavah \u010dlanicah EU Na\u0161e podjetje i\u0161\u010de partnerje za sodelovanje&hellip;<\/div><a class=\"razpis-btn\" href=\"https:\/\/insistnova.in-sist.si\/en\/razpisi\/digitalna-transformacija-javne-uprave-horizon-europe\/\">Poglej podrobnosti<\/a><\/div><\/div><\/div>\n\t\t\t\t\t\t<\/div>\n\t\t\t\t<\/div>\n\t\t\t\t<\/div>\n\t\t\t\t\t<\/div>\n\t\t\t\t<\/div>\n\t\t<div class=\"elementor-element elementor-element-2aeaa594 e-con-full e-flex e-con e-parent\" data-id=\"2aeaa594\" data-element_type=\"container\">\n\t\t<div class=\"elementor-element elementor-element-20243f05 e-con-full e-flex e-con e-child\" data-id=\"20243f05\" data-element_type=\"container\" data-settings=\"{&quot;background_background&quot;:&quot;classic&quot;}\">\n\t\t<div class=\"elementor-element elementor-element-19363c59 e-con-full e-flex e-con e-child\" data-id=\"19363c59\" data-element_type=\"container\">\n\t\t\t\t<div class=\"elementor-element elementor-element-516a95d6 elementor-widget elementor-widget-heading\" data-id=\"516a95d6\" data-element_type=\"widget\" data-widget_type=\"heading.default\">\n\t\t\t\t<div class=\"elementor-widget-container\">\n\t\t\t\t\t<h2 class=\"elementor-heading-title elementor-size-default\">Why with us?<\/h2>\t\t\t\t<\/div>\n\t\t\t\t<\/div>\n\t\t\t\t<div class=\"elementor-element elementor-element-40ff8059 elementor-widget elementor-widget-text-editor\" data-id=\"40ff8059\" data-element_type=\"widget\" data-widget_type=\"text-editor.default\">\n\t\t\t\t<div class=\"elementor-widget-container\">\n\t\t\t\t\t\t\t\t\t<p>We are a certified partner with extensive experience in ERP implementations and business digitalization. We understand the technological and human challenges of implementing such a system, ensuring a professionally managed project that focuses on the end user and long-term value. <\/p><p>Whether you&#8217;re a micro-business or a manufacturing company with complex processes &#8211; with Pantheon ERP, you get a tool that grows with you.<\/p>\t\t\t\t\t\t\t\t<\/div>\n\t\t\t\t<\/div>\n\t\t\t\t<div class=\"elementor-element elementor-element-6e2c42d5 elementor-widget elementor-widget-button\" data-id=\"6e2c42d5\" data-element_type=\"widget\" data-widget_type=\"button.default\">\n\t\t\t\t<div class=\"elementor-widget-container\">\n\t\t\t\t\t\t\t\t\t<div class=\"elementor-button-wrapper\">\n\t\t\t\t\t<a class=\"elementor-button elementor-button-link elementor-size-sm\" href=\"#\">\n\t\t\t\t\t\t<span class=\"elementor-button-content-wrapper\">\n\t\t\t\t\t\t\t\t\t<span class=\"elementor-button-text\">More about us<\/span>\n\t\t\t\t\t<\/span>\n\t\t\t\t\t<\/a>\n\t\t\t\t<\/div>\n\t\t\t\t\t\t\t\t<\/div>\n\t\t\t\t<\/div>\n\t\t\t\t<\/div>\n\t\t\t\t<\/div>\n\t\t<div class=\"elementor-element elementor-element-4caf97a7 e-con-full e-flex e-con e-child\" data-id=\"4caf97a7\" data-element_type=\"container\" data-settings=\"{&quot;background_background&quot;:&quot;classic&quot;}\">\n\t\t<div class=\"elementor-element elementor-element-2b7357ea e-con-full e-flex e-con e-child\" data-id=\"2b7357ea\" data-element_type=\"container\">\n\t\t\t\t<div class=\"elementor-element elementor-element-130c2e66 elementor-widget elementor-widget-heading\" data-id=\"130c2e66\" data-element_type=\"widget\" data-widget_type=\"heading.default\">\n\t\t\t\t<div class=\"elementor-widget-container\">\n\t\t\t\t\t<h2 class=\"elementor-heading-title elementor-size-default\">Want to know more or schedule a consultation?<\/h2>\t\t\t\t<\/div>\n\t\t\t\t<\/div>\n\t\t\t\t<div class=\"elementor-element elementor-element-4cdc9954 elementor-widget elementor-widget-text-editor\" data-id=\"4cdc9954\" data-element_type=\"widget\" data-widget_type=\"text-editor.default\">\n\t\t\t\t<div class=\"elementor-widget-container\">\n\t\t\t\t\t\t\t\t\t<p>Contact us and we will be happy to make you a presentation or a concrete offer.<\/p>\t\t\t\t\t\t\t\t<\/div>\n\t\t\t\t<\/div>\n\t\t\t\t<\/div>\n\t\t\t\t<\/div>\n\t\t\t\t<\/div>\n\t\t<div class=\"elementor-element elementor-element-1f7d639 main-container e-flex e-con-boxed e-con e-parent\" data-id=\"1f7d639\" data-element_type=\"container\">\n\t\t\t\t\t<div class=\"e-con-inner\">\n\t\t<div class=\"elementor-element elementor-element-3119c1f6 e-con-full e-flex e-con e-child\" data-id=\"3119c1f6\" data-element_type=\"container\">\n\t\t\t\t<div class=\"elementor-element elementor-element-71e1318 elementor-widget elementor-widget-heading\" data-id=\"71e1318\" data-element_type=\"widget\" data-widget_type=\"heading.default\">\n\t\t\t\t<div class=\"elementor-widget-container\">\n\t\t\t\t\t<h2 class=\"elementor-heading-title elementor-size-default\">Zaupajo nam<\/h2>\t\t\t\t<\/div>\n\t\t\t\t<\/div>\n\t\t\t\t<\/div>\n\t\t<div class=\"elementor-element elementor-element-31754254 e-con-full e-flex e-con e-child\" data-id=\"31754254\" data-element_type=\"container\">\n\t\t<div class=\"elementor-element elementor-element-5ffa17e4 e-grid e-con-full trust-us e-con e-child\" data-id=\"5ffa17e4\" data-element_type=\"container\">\n\t\t\t\t<div class=\"elementor-element elementor-element-5d4afe29 elementor-widget elementor-widget-image\" data-id=\"5d4afe29\" data-element_type=\"widget\" data-widget_type=\"image.default\">\n\t\t\t\t<div class=\"elementor-widget-container\">\n\t\t\t\t\t\t\t\t\t\t\t\t\t\t\t<img decoding=\"async\" width=\"119\" height=\"35\" src=\"https:\/\/insistnova.in-sist.si\/wp-content\/uploads\/2025\/11\/petpak-black-1_gray.svg\" class=\"attachment-large size-large wp-image-16107\" alt=\"\" \/>\t\t\t\t\t\t\t\t\t\t\t\t\t\t\t<\/div>\n\t\t\t\t<\/div>\n\t\t\t\t<div class=\"elementor-element elementor-element-2e2f42ad elementor-widget elementor-widget-image\" data-id=\"2e2f42ad\" data-element_type=\"widget\" data-widget_type=\"image.default\">\n\t\t\t\t<div class=\"elementor-widget-container\">\n\t\t\t\t\t\t\t\t\t\t\t\t\t\t\t<img decoding=\"async\" width=\"240\" height=\"91\" src=\"https:\/\/insistnova.in-sist.si\/wp-content\/uploads\/2025\/11\/skisea.png\" class=\"attachment-large size-large wp-image-16106\" alt=\"\" \/>\t\t\t\t\t\t\t\t\t\t\t\t\t\t\t<\/div>\n\t\t\t\t<\/div>\n\t\t\t\t<div class=\"elementor-element elementor-element-68768bf8 elementor-widget elementor-widget-image\" data-id=\"68768bf8\" data-element_type=\"widget\" data-widget_type=\"image.default\">\n\t\t\t\t<div class=\"elementor-widget-container\">\n\t\t\t\t\t\t\t\t\t\t\t\t\t\t\t<img loading=\"lazy\" decoding=\"async\" width=\"300\" height=\"100\" src=\"https:\/\/insistnova.in-sist.si\/wp-content\/uploads\/2025\/11\/logo-rogaska.png\" class=\"attachment-large size-large wp-image-16103\" alt=\"\" \/>\t\t\t\t\t\t\t\t\t\t\t\t\t\t\t<\/div>\n\t\t\t\t<\/div>\n\t\t\t\t<div class=\"elementor-element elementor-element-5f699203 elementor-widget elementor-widget-image\" data-id=\"5f699203\" data-element_type=\"widget\" data-widget_type=\"image.default\">\n\t\t\t\t<div class=\"elementor-widget-container\">\n\t\t\t\t\t\t\t\t\t\t\t\t\t\t\t<img loading=\"lazy\" decoding=\"async\" width=\"200\" height=\"65\" src=\"https:\/\/insistnova.in-sist.si\/wp-content\/uploads\/2025\/11\/preline-e1756895215330.jpg\" class=\"attachment-full size-full wp-image-16105\" alt=\"\" \/>\t\t\t\t\t\t\t\t\t\t\t\t\t\t\t<\/div>\n\t\t\t\t<\/div>\n\t\t\t\t<div class=\"elementor-element elementor-element-76f1fb90 elementor-widget elementor-widget-image\" data-id=\"76f1fb90\" data-element_type=\"widget\" data-widget_type=\"image.default\">\n\t\t\t\t<div class=\"elementor-widget-container\">\n\t\t\t\t\t\t\t\t\t\t\t\t\t\t\t<img loading=\"lazy\" decoding=\"async\" width=\"1181\" height=\"113\" src=\"https:\/\/insistnova.in-sist.si\/wp-content\/uploads\/2025\/11\/Metal-product-logo.jpg\" class=\"attachment-full size-full wp-image-16104\" alt=\"\" srcset=\"https:\/\/insistnova.in-sist.si\/wp-content\/uploads\/2025\/11\/Metal-product-logo.jpg 1181w, https:\/\/insistnova.in-sist.si\/wp-content\/uploads\/2025\/11\/Metal-product-logo-300x29.jpg 300w, https:\/\/insistnova.in-sist.si\/wp-content\/uploads\/2025\/11\/Metal-product-logo-1024x98.jpg 1024w, https:\/\/insistnova.in-sist.si\/wp-content\/uploads\/2025\/11\/Metal-product-logo-768x73.jpg 768w, https:\/\/insistnova.in-sist.si\/wp-content\/uploads\/2025\/11\/Metal-product-logo-900x86.jpg 900w\" sizes=\"(max-width: 1181px) 100vw, 1181px\" \/>\t\t\t\t\t\t\t\t\t\t\t\t\t\t\t<\/div>\n\t\t\t\t<\/div>\n\t\t\t\t<\/div>\n\t\t\t\t<\/div>\n\t\t\t\t\t<\/div>\n\t\t\t\t<\/div>\n\t\t\t\t<\/div>\n\t\t","protected":false},"excerpt":{"rendered":"<p>Tukaj ste: Domov Stran Why with us? We are a certified partner with extensive experience in ERP implementations and business digitalization. We understand the technological and human challenges of implementing such a system, ensuring a professionally managed project that focuses on the end user and long-term value. Whether you&#8217;re a micro-business or a manufacturing company&hellip;<\/p>\n","protected":false},"author":1,"featured_media":0,"parent":0,"menu_order":0,"comment_status":"closed","ping_status":"closed","template":"elementor_header_footer","meta":{"_acf_changed":false,"give_campaign_id":0,"footnotes":""},"class_list":["post-15544","page","type-page","status-publish","hentry","description-off"],"acf":[],"yoast_head":"<!-- This site is optimized with the Yoast SEO plugin v25.9 - https:\/\/yoast.com\/wordpress\/plugins\/seo\/ -->\n<title>Local and EU calls for tender - In.Sist<\/title>\n<meta name=\"robots\" content=\"index, follow, max-snippet:-1, max-image-preview:large, max-video-preview:-1\" \/>\n<link rel=\"canonical\" href=\"https:\/\/insistnova.in-sist.si\/en\/local-and-eu-calls-for-tender-2\/\" \/>\n<meta property=\"og:locale\" content=\"en_US\" \/>\n<meta property=\"og:type\" content=\"article\" \/>\n<meta property=\"og:title\" content=\"Local and EU calls for tender - In.Sist\" \/>\n<meta property=\"og:description\" content=\"Tukaj ste: Domov Stran Why with us? We are a certified partner with extensive experience in ERP implementations and business digitalization. We understand the technological and human challenges of implementing such a system, ensuring a professionally managed project that focuses on the end user and long-term value. Whether you&#8217;re a micro-business or a manufacturing company&hellip;\" \/>\n<meta property=\"og:url\" content=\"https:\/\/insistnova.in-sist.si\/en\/local-and-eu-calls-for-tender-2\/\" \/>\n<meta property=\"og:site_name\" content=\"In.Sist\" \/>\n<meta property=\"article:modified_time\" content=\"2025-12-08T13:50:11+00:00\" \/>\n<meta property=\"og:image\" content=\"http:\/\/insistnova.in-sist.si\/wp-content\/uploads\/2025\/11\/petpak-black-1_gray.svg\" \/>\n<meta name=\"twitter:card\" content=\"summary_large_image\" \/>\n<meta name=\"twitter:label1\" content=\"Est. reading time\" \/>\n\t<meta name=\"twitter:data1\" content=\"1 minute\" \/>\n<script type=\"application\/ld+json\" class=\"yoast-schema-graph\">{\"@context\":\"https:\/\/schema.org\",\"@graph\":[{\"@type\":\"WebPage\",\"@id\":\"https:\/\/insistnova.in-sist.si\/en\/local-and-eu-calls-for-tender-2\/\",\"url\":\"https:\/\/insistnova.in-sist.si\/en\/local-and-eu-calls-for-tender-2\/\",\"name\":\"Local and EU calls for tender - In.Sist\",\"isPartOf\":{\"@id\":\"https:\/\/insistnova.in-sist.si\/en\/#website\"},\"primaryImageOfPage\":{\"@id\":\"https:\/\/insistnova.in-sist.si\/en\/local-and-eu-calls-for-tender-2\/#primaryimage\"},\"image\":{\"@id\":\"https:\/\/insistnova.in-sist.si\/en\/local-and-eu-calls-for-tender-2\/#primaryimage\"},\"thumbnailUrl\":\"http:\/\/insistnova.in-sist.si\/wp-content\/uploads\/2025\/11\/petpak-black-1_gray.svg\",\"datePublished\":\"2025-09-18T07:15:22+00:00\",\"dateModified\":\"2025-12-08T13:50:11+00:00\",\"breadcrumb\":{\"@id\":\"https:\/\/insistnova.in-sist.si\/en\/local-and-eu-calls-for-tender-2\/#breadcrumb\"},\"inLanguage\":\"en-US\",\"potentialAction\":[{\"@type\":\"ReadAction\",\"target\":[\"https:\/\/insistnova.in-sist.si\/en\/local-and-eu-calls-for-tender-2\/\"]}]},{\"@type\":\"ImageObject\",\"inLanguage\":\"en-US\",\"@id\":\"https:\/\/insistnova.in-sist.si\/en\/local-and-eu-calls-for-tender-2\/#primaryimage\",\"url\":\"http:\/\/insistnova.in-sist.si\/wp-content\/uploads\/2025\/11\/petpak-black-1_gray.svg\",\"contentUrl\":\"http:\/\/insistnova.in-sist.si\/wp-content\/uploads\/2025\/11\/petpak-black-1_gray.svg\"},{\"@type\":\"BreadcrumbList\",\"@id\":\"https:\/\/insistnova.in-sist.si\/en\/local-and-eu-calls-for-tender-2\/#breadcrumb\",\"itemListElement\":[{\"@type\":\"ListItem\",\"position\":1,\"name\":\"Home\",\"item\":\"http:\/\/insistnova.in-sist.si\/en\/\"},{\"@type\":\"ListItem\",\"position\":2,\"name\":\"Local and EU calls for tender\"}]},{\"@type\":\"WebSite\",\"@id\":\"https:\/\/insistnova.in-sist.si\/en\/#website\",\"url\":\"https:\/\/insistnova.in-sist.si\/en\/\",\"name\":\"In.Sist\",\"description\":\"\",\"publisher\":{\"@id\":\"https:\/\/insistnova.in-sist.si\/en\/#organization\"},\"potentialAction\":[{\"@type\":\"SearchAction\",\"target\":{\"@type\":\"EntryPoint\",\"urlTemplate\":\"https:\/\/insistnova.in-sist.si\/en\/?s={search_term_string}\"},\"query-input\":{\"@type\":\"PropertyValueSpecification\",\"valueRequired\":true,\"valueName\":\"search_term_string\"}}],\"inLanguage\":\"en-US\"},{\"@type\":\"Organization\",\"@id\":\"https:\/\/insistnova.in-sist.si\/en\/#organization\",\"name\":\"In.Sist\",\"url\":\"https:\/\/insistnova.in-sist.si\/en\/\",\"logo\":{\"@type\":\"ImageObject\",\"inLanguage\":\"en-US\",\"@id\":\"https:\/\/insistnova.in-sist.si\/en\/#\/schema\/logo\/image\/\",\"url\":\"https:\/\/insistnova.in-sist.si\/wp-content\/uploads\/2025\/04\/smallerinsistia.png\",\"contentUrl\":\"https:\/\/insistnova.in-sist.si\/wp-content\/uploads\/2025\/04\/smallerinsistia.png\",\"width\":350,\"height\":100,\"caption\":\"In.Sist\"},\"image\":{\"@id\":\"https:\/\/insistnova.in-sist.si\/en\/#\/schema\/logo\/image\/\"}}]}<\/script>\n<!-- \/ Yoast SEO plugin. -->","yoast_head_json":{"title":"Local and EU calls for tender - In.Sist","robots":{"index":"index","follow":"follow","max-snippet":"max-snippet:-1","max-image-preview":"max-image-preview:large","max-video-preview":"max-video-preview:-1"},"canonical":"https:\/\/insistnova.in-sist.si\/en\/local-and-eu-calls-for-tender-2\/","og_locale":"en_US","og_type":"article","og_title":"Local and EU calls for tender - In.Sist","og_description":"Tukaj ste: Domov Stran Why with us? We are a certified partner with extensive experience in ERP implementations and business digitalization. We understand the technological and human challenges of implementing such a system, ensuring a professionally managed project that focuses on the end user and long-term value. Whether you&#8217;re a micro-business or a manufacturing company&hellip;","og_url":"https:\/\/insistnova.in-sist.si\/en\/local-and-eu-calls-for-tender-2\/","og_site_name":"In.Sist","article_modified_time":"2025-12-08T13:50:11+00:00","og_image":[{"url":"http:\/\/insistnova.in-sist.si\/wp-content\/uploads\/2025\/11\/petpak-black-1_gray.svg","type":"","width":"","height":""}],"twitter_card":"summary_large_image","twitter_misc":{"Est. reading time":"1 minute"},"schema":{"@context":"https:\/\/schema.org","@graph":[{"@type":"WebPage","@id":"https:\/\/insistnova.in-sist.si\/en\/local-and-eu-calls-for-tender-2\/","url":"https:\/\/insistnova.in-sist.si\/en\/local-and-eu-calls-for-tender-2\/","name":"Local and EU calls for tender - In.Sist","isPartOf":{"@id":"https:\/\/insistnova.in-sist.si\/en\/#website"},"primaryImageOfPage":{"@id":"https:\/\/insistnova.in-sist.si\/en\/local-and-eu-calls-for-tender-2\/#primaryimage"},"image":{"@id":"https:\/\/insistnova.in-sist.si\/en\/local-and-eu-calls-for-tender-2\/#primaryimage"},"thumbnailUrl":"http:\/\/insistnova.in-sist.si\/wp-content\/uploads\/2025\/11\/petpak-black-1_gray.svg","datePublished":"2025-09-18T07:15:22+00:00","dateModified":"2025-12-08T13:50:11+00:00","breadcrumb":{"@id":"https:\/\/insistnova.in-sist.si\/en\/local-and-eu-calls-for-tender-2\/#breadcrumb"},"inLanguage":"en-US","potentialAction":[{"@type":"ReadAction","target":["https:\/\/insistnova.in-sist.si\/en\/local-and-eu-calls-for-tender-2\/"]}]},{"@type":"ImageObject","inLanguage":"en-US","@id":"https:\/\/insistnova.in-sist.si\/en\/local-and-eu-calls-for-tender-2\/#primaryimage","url":"http:\/\/insistnova.in-sist.si\/wp-content\/uploads\/2025\/11\/petpak-black-1_gray.svg","contentUrl":"http:\/\/insistnova.in-sist.si\/wp-content\/uploads\/2025\/11\/petpak-black-1_gray.svg"},{"@type":"BreadcrumbList","@id":"https:\/\/insistnova.in-sist.si\/en\/local-and-eu-calls-for-tender-2\/#breadcrumb","itemListElement":[{"@type":"ListItem","position":1,"name":"Home","item":"http:\/\/insistnova.in-sist.si\/en\/"},{"@type":"ListItem","position":2,"name":"Local and EU calls for tender"}]},{"@type":"WebSite","@id":"https:\/\/insistnova.in-sist.si\/en\/#website","url":"https:\/\/insistnova.in-sist.si\/en\/","name":"In.Sist","description":"","publisher":{"@id":"https:\/\/insistnova.in-sist.si\/en\/#organization"},"potentialAction":[{"@type":"SearchAction","target":{"@type":"EntryPoint","urlTemplate":"https:\/\/insistnova.in-sist.si\/en\/?s={search_term_string}"},"query-input":{"@type":"PropertyValueSpecification","valueRequired":true,"valueName":"search_term_string"}}],"inLanguage":"en-US"},{"@type":"Organization","@id":"https:\/\/insistnova.in-sist.si\/en\/#organization","name":"In.Sist","url":"https:\/\/insistnova.in-sist.si\/en\/","logo":{"@type":"ImageObject","inLanguage":"en-US","@id":"https:\/\/insistnova.in-sist.si\/en\/#\/schema\/logo\/image\/","url":"https:\/\/insistnova.in-sist.si\/wp-content\/uploads\/2025\/04\/smallerinsistia.png","contentUrl":"https:\/\/insistnova.in-sist.si\/wp-content\/uploads\/2025\/04\/smallerinsistia.png","width":350,"height":100,"caption":"In.Sist"},"image":{"@id":"https:\/\/insistnova.in-sist.si\/en\/#\/schema\/logo\/image\/"}}]}},"campaignId":"","_links":{"self":[{"href":"https:\/\/insistnova.in-sist.si\/en\/wp-json\/wp\/v2\/pages\/15544","targetHints":{"allow":["GET"]}}],"collection":[{"href":"https:\/\/insistnova.in-sist.si\/en\/wp-json\/wp\/v2\/pages"}],"about":[{"href":"https:\/\/insistnova.in-sist.si\/en\/wp-json\/wp\/v2\/types\/page"}],"author":[{"embeddable":true,"href":"https:\/\/insistnova.in-sist.si\/en\/wp-json\/wp\/v2\/users\/1"}],"replies":[{"embeddable":true,"href":"https:\/\/insistnova.in-sist.si\/en\/wp-json\/wp\/v2\/comments?post=15544"}],"version-history":[{"count":4,"href":"https:\/\/insistnova.in-sist.si\/en\/wp-json\/wp\/v2\/pages\/15544\/revisions"}],"predecessor-version":[{"id":16799,"href":"https:\/\/insistnova.in-sist.si\/en\/wp-json\/wp\/v2\/pages\/15544\/revisions\/16799"}],"wp:attachment":[{"href":"https:\/\/insistnova.in-sist.si\/en\/wp-json\/wp\/v2\/media?parent=15544"}],"curies":[{"name":"wp","href":"https:\/\/api.w.org\/{rel}","templated":true}]}}